{"id":6522,"date":"2025-01-16T11:28:37","date_gmt":"2025-01-16T11:28:37","guid":{"rendered":"https:\/\/fmm.fr\/?page_id=6522"},"modified":"2025-02-18T08:39:50","modified_gmt":"2025-02-18T08:39:50","slug":"livret-blanc","status":"publish","type":"page","link":"https:\/\/fmm.fr\/en\/livret-blanc\/","title":{"rendered":"Livret blanc"},"content":{"rendered":"<div data-elementor-type=\"wp-page\" data-elementor-id=\"6522\" class=\"elementor elementor-6522\">\n\t\t\t\t<div data-pix-dividers=\"&lt;div class=&quot;pix-divider  position-relative pix-bottom-divider&quot; data-style=&quot;style-26&quot; &gt;&lt;svg xmlns=&quot;http:\/\/www.w3.org\/2000\/svg&quot; width=&quot;100%&quot;  viewBox=&quot;0 0 300 53&quot; preserveAspectRatio=&quot;none&quot;&gt;&lt;g fill=&quot;rgba(255,255,255,0.3)&quot;  &gt;&lt;path d=&quot;M150,11.3355932 C150,31.9290847 133.2105,48.6237288 112.5,48.6237288 L112.5,11.3355932 L150,11.3355932 Z M37.5,11.3150205 L37.5,48.603156 L0,48.603156 C0,28.2155994 16.4552052,11.6493032 36.8798687,11.3200161 L37.5,11.3150205 Z M281.12069,11.1864407 C291.372387,11.1864407 299.702599,19.367651 299.868178,29.5221973 L299.87069,29.8305085 C299.87069,40.0242868 291.642995,48.3074349 281.430753,48.4720785 L281.12069,48.4745763 C270.868992,48.4745763 262.538781,40.2933659 262.373202,30.1388196 L262.37069,29.8305085 C262.37069,19.5337627 270.76544,11.1864407 281.12069,11.1864407 Z M225.12931,0 C231.280552,0 236.27846,4.90850692 236.377803,11.0014474 L236.37931,11.1864407 C236.37931,17.3029292 231.442914,22.272601 225.315355,22.3713827 L225.12931,22.3728814 C218.915935,22.3728814 213.87931,17.3647119 213.87931,11.1864407 C213.87931,5.0699522 218.815707,0.1002804 224.943266,0.00149861278 L225.12931,0 Z&quot;&gt;&lt;\/path&gt;&lt;\/g&gt;&lt;g fill=&quot;rgba(255,255,255,0.6)&quot;  &gt;&lt;path d=&quot;M37.5,11.3150205 L37.8100629,11.3175222 C47.9201831,11.4807785 56.0852477,19.6136304 56.2475379,29.6830079 L56.25,29.9887271 L56.25,48.4745763 C45.9983025,48.4745763 37.6680911,40.2807262 37.502512,30.1096819 L37.5,29.8008696 L37.5,11.3150205 Z M262.5,11.3150205 L262.5,29.8010573 C262.5,40.1140684 254.10525,48.4745763 243.75,48.4745763 L243.75,29.9885394 C243.75,19.7786585 251.977694,11.4824259 262.189937,11.3175222 L262.5,11.3150205 Z M206.155211,29.7726476 C216.458735,29.7726476 224.831059,37.9538579 224.997475,48.1084042 L225,48.4167154 L206.344789,48.4167154 C195.936812,48.4167154 187.5,40.0693933 187.5,29.7726476 L206.155211,29.7726476 Z&quot;&gt;&lt;\/path&gt;&lt;\/g&gt;&lt;g fill=&quot;#ffffff&quot; &gt;&lt;path d=&quot;M37.5,29.8008696 C37.5,40.1143578 45.89475,48.4745763 56.25,48.4745763 L56.25,29.9887271 C56.25,19.7792445 48.0231129,11.4832416 37.8115661,11.3175466 L37.5,11.3150205 C58.003395,11.3150205 74.6638179,27.6774411 74.994976,47.9865338 L75,48.603156 L111.625844,48.613797 C91.5247389,48.1565995 75.3314558,31.9719042 75.0050239,11.9522155 L75,11.3355932 L93.36225,11.3355289 L93.3646328,11.6297184 C93.5319253,21.8899182 101.865018,30.1759308 112.183514,30.3422782 L112.5,30.3448276 L112.5,48.6126645 L187.5,48.6320544 L187.5,48.603156 C166.7895,48.603156 150,31.908512 150,11.3150205 L187.5,11.3150205 C207.798361,11.3150205 224.330225,27.3518289 224.980155,47.3784574 L224.994938,47.9864103 L224.98687,47.7142226 C224.617284,37.8436817 216.491691,29.9338521 206.462775,29.7750806 L206.155211,29.7726476 L187.5,29.7726476 C187.5,39.9664259 195.76892,48.249574 206.033148,48.4142176 L206.344789,48.4167154 L224.9985,48.4167154 L225,48.5953255 L225.005024,47.9865338 C225.334502,27.7805059 241.827929,11.4811944 262.188146,11.316283 C252.079,11.4815704 243.914736,19.6140539 243.752462,29.6828383 L243.75,29.9885394 L243.75,48.4745763 C254.001698,48.4745763 262.331909,40.2804425 262.497488,30.1098555 L262.5,29.8118001 L262.5,48.603156 L262.49925,48.6518171 L300,48.6610169 L300,53 L0,53 L0,48.6610169 L37.5,48.603156 L37.5,29.8008696 Z&quot;&gt;&lt;\/path&gt;&lt;\/g&gt;&lt;defs&gt;&lt;\/defs&gt;&lt;\/svg&gt;&lt;\/div&gt;\" class=\"elementor-element elementor-element-e518e9f e-flex e-con-boxed e-con e-parent\" data-id=\"e518e9f\" data-element_type=\"container\" data-e-type=\"container\" data-settings=\"{&quot;background_background&quot;:&quot;classic&quot;}\">\n\t\t\t\t\t<div class=\"e-con-inner\">\n\t\t\t\t<div class=\"elementor-element elementor-element-73240d2 elementor-widget elementor-widget-heading\" data-id=\"73240d2\" data-element_type=\"widget\" data-e-type=\"widget\" data-widget_type=\"heading.default\">\n\t\t\t\t<div class=\"elementor-widget-container\">\n\t\t\t\t\t<h2 class=\"elementor-heading-title elementor-size-default\">Access your white paper<\/h2>\t\t\t\t<\/div>\n\t\t\t\t<\/div>\n\t\t\t\t<div class=\"elementor-element elementor-element-1a9cc09 elementor-widget elementor-widget-text-editor\" data-id=\"1a9cc09\" data-element_type=\"widget\" data-e-type=\"widget\" data-widget_type=\"text-editor.default\">\n\t\t\t\t<div class=\"elementor-widget-container\">\n\t\t\t\t\t\t\t\t\t<p style=\"text-align: center;\">This booklet has been designed to provide you with practical solutions and essential advice. Choose your language and download it now to take full advantage of it!<\/p>\t\t\t\t\t\t\t\t<\/div>\n\t\t\t\t<\/div>\n\t\t<div class=\"elementor-element elementor-element-9990ea5 e-con-full e-flex e-con e-child\" data-id=\"9990ea5\" data-element_type=\"container\" data-e-type=\"container\">\n\t\t\t\t<div class=\"elementor-element elementor-element-cb2a009 elementor-align-center elementor-widget__width-auto elementor-widget elementor-widget-button\" data-id=\"cb2a009\" data-element_type=\"widget\" data-e-type=\"widget\" data-widget_type=\"button.default\">\n\t\t\t\t<div class=\"elementor-widget-container\">\n\t\t\t\t\t\t\t\t\t<div class=\"elementor-button-wrapper\">\n\t\t\t\t\t<a class=\"elementor-button elementor-button-link elementor-size-sm\" href=\"https:\/\/fmm.fr\/wp-content\/uploads\/2025\/01\/Livre-blanc-FMM-A4-2.pdf\" target=\"_blank\">\n\t\t\t\t\t\t<span class=\"elementor-button-content-wrapper\">\n\t\t\t\t\t\t\t\t\t<span class=\"elementor-button-text\">Download the book in French<\/span>\n\t\t\t\t\t<\/span>\n\t\t\t\t\t<\/a>\n\t\t\t\t<\/div>\n\t\t\t\t\t\t\t\t<\/div>\n\t\t\t\t<\/div>\n\t\t\t\t<div class=\"elementor-element elementor-element-e8b4e0f elementor-align-center elementor-widget__width-auto elementor-widget elementor-widget-button\" data-id=\"e8b4e0f\" data-element_type=\"widget\" data-e-type=\"widget\" data-widget_type=\"button.default\">\n\t\t\t\t<div class=\"elementor-widget-container\">\n\t\t\t\t\t\t\t\t\t<div class=\"elementor-button-wrapper\">\n\t\t\t\t\t<a class=\"elementor-button elementor-button-link elementor-size-sm\" href=\"https:\/\/fmm.fr\/wp-content\/uploads\/2025\/01\/White-paper-A4-1.pdf\" target=\"_blank\">\n\t\t\t\t\t\t<span class=\"elementor-button-content-wrapper\">\n\t\t\t\t\t\t\t\t\t<span class=\"elementor-button-text\">Download the booklet in English<\/span>\n\t\t\t\t\t<\/span>\n\t\t\t\t\t<\/a>\n\t\t\t\t<\/div>\n\t\t\t\t\t\t\t\t<\/div>\n\t\t\t\t<\/div>\n\t\t\t\t<\/div>\n\t\t\t\t\t<\/div>\n\t\t\t\t<\/div>\n\t\t<div class=\"elementor-element elementor-element-62f773e e-flex e-con-boxed e-con e-parent\" data-id=\"62f773e\" data-element_type=\"container\" data-e-type=\"container\">\n\t\t\t\t\t<div class=\"e-con-inner\">\n\t\t\t\t\t<\/div>\n\t\t\t\t<\/div>\n\t\t<div class=\"elementor-element elementor-element-1efc917 e-grid e-con-boxed e-con e-parent\" data-id=\"1efc917\" data-element_type=\"container\" data-e-type=\"container\">\n\t\t\t\t\t<div class=\"e-con-inner\">\n\t\t\t\t\t<\/div>\n\t\t\t\t<\/div>\n\t\t\t\t<\/div>","protected":false},"excerpt":{"rendered":"Acc\u00e9dez \u00e0 votre livre blanc Ce livret a \u00e9t\u00e9 con\u00e7u pour vous offrir des solutions pratiques et des conseils essentiels. Choisissez votre langue et t\u00e9l\u00e9chargez-le d\u00e8s maintenant pour en profiter pleinement ! T\u00e9l\u00e9charger le livre en fran\u00e7ais Download the booklet&#8230;","protected":false},"author":1,"featured_media":0,"parent":0,"menu_order":0,"comment_status":"closed","ping_status":"closed","template":"elementor_header_footer","meta":{"footnotes":""},"class_list":["post-6522","page","type-page","status-publish","hentry"],"yoast_head":"<!-- This site is optimized with the Yoast SEO plugin v27.5 - https:\/\/yoast.com\/product\/yoast-seo-wordpress\/ -->\n<title>Livret blanc - FMM<\/title>\n<meta name=\"robots\" content=\"index, follow, max-snippet:-1, max-image-preview:large, max-video-preview:-1\" \/>\n<link rel=\"canonical\" href=\"https:\/\/fmm.fr\/en\/livret-blanc\/\" \/>\n<meta property=\"og:locale\" content=\"en_GB\" \/>\n<meta property=\"og:type\" content=\"article\" \/>\n<meta property=\"og:title\" content=\"Livret blanc - FMM\" \/>\n<meta property=\"og:description\" content=\"Acc\u00e9dez \u00e0 votre livre blanc Ce livret a \u00e9t\u00e9 con\u00e7u pour vous offrir des solutions pratiques et des conseils essentiels. Choisissez votre langue et t\u00e9l\u00e9chargez-le d\u00e8s maintenant pour en profiter pleinement ! T\u00e9l\u00e9charger le livre en fran\u00e7ais Download the booklet...\" \/>\n<meta property=\"og:url\" content=\"https:\/\/fmm.fr\/en\/livret-blanc\/\" \/>\n<meta property=\"og:site_name\" content=\"FMM\" \/>\n<meta property=\"article:modified_time\" content=\"2025-02-18T08:39:50+00:00\" \/>\n<meta name=\"twitter:card\" content=\"summary_large_image\" \/>\n<meta name=\"twitter:label1\" content=\"Estimated reading time\" \/>\n\t<meta name=\"twitter:data1\" content=\"1 minute\" \/>\n<script type=\"application\/ld+json\" class=\"yoast-schema-graph\">{\"@context\":\"https:\\\/\\\/schema.org\",\"@graph\":[{\"@type\":\"WebPage\",\"@id\":\"https:\\\/\\\/fmm.fr\\\/livret-blanc\\\/\",\"url\":\"https:\\\/\\\/fmm.fr\\\/livret-blanc\\\/\",\"name\":\"Livret blanc - FMM\",\"isPartOf\":{\"@id\":\"https:\\\/\\\/fmm-export-medical.fr\\\/#website\"},\"datePublished\":\"2025-01-16T11:28:37+00:00\",\"dateModified\":\"2025-02-18T08:39:50+00:00\",\"breadcrumb\":{\"@id\":\"https:\\\/\\\/fmm.fr\\\/livret-blanc\\\/#breadcrumb\"},\"inLanguage\":\"en-GB\",\"potentialAction\":[{\"@type\":\"ReadAction\",\"target\":[\"https:\\\/\\\/fmm.fr\\\/livret-blanc\\\/\"]}]},{\"@type\":\"BreadcrumbList\",\"@id\":\"https:\\\/\\\/fmm.fr\\\/livret-blanc\\\/#breadcrumb\",\"itemListElement\":[{\"@type\":\"ListItem\",\"position\":1,\"name\":\"Accueil\",\"item\":\"https:\\\/\\\/fmm.fr\\\/\"},{\"@type\":\"ListItem\",\"position\":2,\"name\":\"Livret blanc\"}]},{\"@type\":\"WebSite\",\"@id\":\"https:\\\/\\\/fmm-export-medical.fr\\\/#website\",\"url\":\"https:\\\/\\\/fmm-export-medical.fr\\\/\",\"name\":\"FMM\",\"description\":\"\",\"potentialAction\":[{\"@type\":\"SearchAction\",\"target\":{\"@type\":\"EntryPoint\",\"urlTemplate\":\"https:\\\/\\\/fmm-export-medical.fr\\\/?s={search_term_string}\"},\"query-input\":{\"@type\":\"PropertyValueSpecification\",\"valueRequired\":true,\"valueName\":\"search_term_string\"}}],\"inLanguage\":\"en-GB\"}]}<\/script>\n<!-- \/ Yoast SEO plugin. -->","yoast_head_json":{"title":"Livret blanc - FMM","robots":{"index":"index","follow":"follow","max-snippet":"max-snippet:-1","max-image-preview":"max-image-preview:large","max-video-preview":"max-video-preview:-1"},"canonical":"https:\/\/fmm.fr\/en\/livret-blanc\/","og_locale":"en_GB","og_type":"article","og_title":"Livret blanc - FMM","og_description":"Acc\u00e9dez \u00e0 votre livre blanc Ce livret a \u00e9t\u00e9 con\u00e7u pour vous offrir des solutions pratiques et des conseils essentiels. Choisissez votre langue et t\u00e9l\u00e9chargez-le d\u00e8s maintenant pour en profiter pleinement ! T\u00e9l\u00e9charger le livre en fran\u00e7ais Download the booklet...","og_url":"https:\/\/fmm.fr\/en\/livret-blanc\/","og_site_name":"FMM","article_modified_time":"2025-02-18T08:39:50+00:00","twitter_card":"summary_large_image","twitter_misc":{"Estimated reading time":"1 minute"},"schema":{"@context":"https:\/\/schema.org","@graph":[{"@type":"WebPage","@id":"https:\/\/fmm.fr\/livret-blanc\/","url":"https:\/\/fmm.fr\/livret-blanc\/","name":"Livret blanc - FMM","isPartOf":{"@id":"https:\/\/fmm-export-medical.fr\/#website"},"datePublished":"2025-01-16T11:28:37+00:00","dateModified":"2025-02-18T08:39:50+00:00","breadcrumb":{"@id":"https:\/\/fmm.fr\/livret-blanc\/#breadcrumb"},"inLanguage":"en-GB","potentialAction":[{"@type":"ReadAction","target":["https:\/\/fmm.fr\/livret-blanc\/"]}]},{"@type":"BreadcrumbList","@id":"https:\/\/fmm.fr\/livret-blanc\/#breadcrumb","itemListElement":[{"@type":"ListItem","position":1,"name":"Accueil","item":"https:\/\/fmm.fr\/"},{"@type":"ListItem","position":2,"name":"Livret blanc"}]},{"@type":"WebSite","@id":"https:\/\/fmm-export-medical.fr\/#website","url":"https:\/\/fmm-export-medical.fr\/","name":"FMM","description":"","potentialAction":[{"@type":"SearchAction","target":{"@type":"EntryPoint","urlTemplate":"https:\/\/fmm-export-medical.fr\/?s={search_term_string}"},"query-input":{"@type":"PropertyValueSpecification","valueRequired":true,"valueName":"search_term_string"}}],"inLanguage":"en-GB"}]}},"_links":{"self":[{"href":"https:\/\/fmm.fr\/en\/wp-json\/wp\/v2\/pages\/6522","targetHints":{"allow":["GET"]}}],"collection":[{"href":"https:\/\/fmm.fr\/en\/wp-json\/wp\/v2\/pages"}],"about":[{"href":"https:\/\/fmm.fr\/en\/wp-json\/wp\/v2\/types\/page"}],"author":[{"embeddable":true,"href":"https:\/\/fmm.fr\/en\/wp-json\/wp\/v2\/users\/1"}],"replies":[{"embeddable":true,"href":"https:\/\/fmm.fr\/en\/wp-json\/wp\/v2\/comments?post=6522"}],"version-history":[{"count":46,"href":"https:\/\/fmm.fr\/en\/wp-json\/wp\/v2\/pages\/6522\/revisions"}],"predecessor-version":[{"id":6869,"href":"https:\/\/fmm.fr\/en\/wp-json\/wp\/v2\/pages\/6522\/revisions\/6869"}],"wp:attachment":[{"href":"https:\/\/fmm.fr\/en\/wp-json\/wp\/v2\/media?parent=6522"}],"curies":[{"name":"wp","href":"https:\/\/api.w.org\/{rel}","templated":true}]}}